{"id":38,"date":"2023-09-14T18:41:24","date_gmt":"2023-09-14T18:41:24","guid":{"rendered":"https:\/\/cuyabenoadventures.com\/?page_id=38"},"modified":"2026-01-11T18:18:03","modified_gmt":"2026-01-11T18:18:03","slug":"caiman-eco-lodge","status":"publish","type":"page","link":"https:\/\/cuyabenoadventures.com\/es\/caiman-eco-lodge\/","title":{"rendered":"Caiman Eco Lodge in the Cuyabeno reserve"},"content":{"rendered":"<p class=\"\">Caiman eco lodge en la reserva Cuyabeno es uno de los albergues m\u00e1s populares ubicado justo al lado de la Laguna Grande. El albergue cuenta con una torre de observaci\u00f3n de aves que ofrece una vista espectacular a la Reserva Cuyabeno.<\/p>\n\n\n\n<p class=\"\">Se puede llegar al albergue en canoa durante todo el a\u00f1o, sin depender de la temporada. El Lodge ofrece c\u00f3modas habitaciones dobles, habitaciones dobles, habitaciones triples y habitaciones de cuatro camas. Para uso de los hu\u00e9spedes, hay un comedor, una sala de estar y una torre de observaci\u00f3n de aves de 7 pisos. Con el personal profesional del albergue pasar\u00e1s un tiempo incre\u00edble en la selva.<\/p>\n\n\n\n<p class=\"\">Precios de los paquetes tur\u00edsticos (haga clic en el enlace para ver el itinerario de cada programa):<\/p>\n\n\n\n<p class=\"\"><a href=\"https:\/\/cuyabenoadventures.com\/es\/3-days-tour\/\">Tour for 3 days $<\/a>280<\/p>\n\n\n\n<p class=\"\"><a href=\"https:\/\/cuyabenoadventures.com\/es\/4-days-tour\/\">Tour for 4 days $<\/a>340<\/p>\n\n\n\n<p class=\"\"><a href=\"https:\/\/cuyabenoadventures.com\/es\/5-days-tour\/\">Tour for 5 days $<\/a>410<\/p>\n\n\n\n<p class=\"\">Caiman Lodge cuenta con paneles solares para brindar luz durante la noche (de 6:00 pm a 10:00 pm) y tendr\u00e1s la oportunidad de cargar tu c\u00e1mara. No hay wifi en el albergue y la mayor\u00eda de los tel\u00e9fonos m\u00f3viles no funcionan.&nbsp;<\/p>\n\n\n\n<p class=\"\"><\/p>\n\n\n\n<figure class=\"wp-block-image aligncenter size-full\"><img data-recalc-dims=\"1\" loading=\"lazy\" decoding=\"async\" width=\"600\" height=\"397\" src=\"https:\/\/i0.wp.com\/cuyabenoadventures.com\/wp-content\/uploads\/2023\/09\/caimanlodgetower.webp?resize=600%2C397&#038;ssl=1\" alt=\"\" class=\"wp-image-39\"\/><figcaption class=\"wp-element-caption\">Uno de los edificios del albergue Caiman tiene una torre de observaci\u00f3n de aves en la parte superior.<\/figcaption><\/figure>\n\n\n\n<figure class=\"wp-block-gallery has-nested-images columns-default is-cropped wp-block-gallery-1 is-layout-flex wp-block-gallery-is-layout-flex\">\n<figure class=\"wp-block-image size-large\"><img data-recalc-dims=\"1\" loading=\"lazy\" decoding=\"async\" width=\"750\" height=\"415\" data-id=\"138\" src=\"https:\/\/i0.wp.com\/cuyabenoadventures.com\/wp-content\/uploads\/2023\/09\/caiman-lodge-cuyabeno.jpg?resize=750%2C415&#038;ssl=1\" alt=\"\" class=\"wp-image-138\" srcset=\"https:\/\/cuyabenoadventures.com\/wp-content\/uploads\/2023\/09\/caiman-lodge-cuyabeno.jpg 750w, https:\/\/cuyabenoadventures.com\/wp-content\/uploads\/2023\/09\/caiman-lodge-cuyabeno-480x266.jpg 480w\" sizes=\"auto, (min-width: 0px) and (max-width: 480px) 480px, (min-width: 481px) 750px, 100vw\" \/><\/figure>\n\n\n\n<figure class=\"wp-block-image size-large\"><img data-recalc-dims=\"1\" loading=\"lazy\" decoding=\"async\" width=\"750\" height=\"422\" data-id=\"142\" src=\"https:\/\/i0.wp.com\/cuyabenoadventures.com\/wp-content\/uploads\/2023\/09\/caiman-lodge-cuyabeno2.jpg?resize=750%2C422&#038;ssl=1\" alt=\"\" class=\"wp-image-142\" srcset=\"https:\/\/cuyabenoadventures.com\/wp-content\/uploads\/2023\/09\/caiman-lodge-cuyabeno2.jpg 750w, https:\/\/cuyabenoadventures.com\/wp-content\/uploads\/2023\/09\/caiman-lodge-cuyabeno2-480x270.jpg 480w\" sizes=\"auto, (min-width: 0px) and (max-width: 480px) 480px, (min-width: 481px) 750px, 100vw\" \/><\/figure>\n\n\n\n<figure class=\"wp-block-image size-large\"><img data-recalc-dims=\"1\" loading=\"lazy\" decoding=\"async\" width=\"743\" height=\"440\" data-id=\"147\" src=\"https:\/\/i0.wp.com\/cuyabenoadventures.com\/wp-content\/uploads\/2023\/09\/caiman-lodge-cuyabeno3.jpg?resize=743%2C440&#038;ssl=1\" alt=\"\" class=\"wp-image-147\" srcset=\"https:\/\/cuyabenoadventures.com\/wp-content\/uploads\/2023\/09\/caiman-lodge-cuyabeno3.jpg 743w, https:\/\/cuyabenoadventures.com\/wp-content\/uploads\/2023\/09\/caiman-lodge-cuyabeno3-480x284.jpg 480w\" sizes=\"auto, (min-width: 0px) and (max-width: 480px) 480px, (min-width: 481px) 743px, 100vw\" \/><\/figure>\n\n\n\n<figure class=\"wp-block-image size-large\"><img data-recalc-dims=\"1\" loading=\"lazy\" decoding=\"async\" width=\"723\" height=\"412\" data-id=\"144\" src=\"https:\/\/i0.wp.com\/cuyabenoadventures.com\/wp-content\/uploads\/2023\/09\/caiman-lodge-cuyabeno4.jpg?resize=723%2C412&#038;ssl=1\" alt=\"\" class=\"wp-image-144\" srcset=\"https:\/\/cuyabenoadventures.com\/wp-content\/uploads\/2023\/09\/caiman-lodge-cuyabeno4.jpg 723w, https:\/\/cuyabenoadventures.com\/wp-content\/uploads\/2023\/09\/caiman-lodge-cuyabeno4-480x274.jpg 480w\" sizes=\"auto, (min-width: 0px) and (max-width: 480px) 480px, (min-width: 481px) 723px, 100vw\" \/><\/figure>\n\n\n\n<figure class=\"wp-block-image size-large\"><img data-recalc-dims=\"1\" loading=\"lazy\" decoding=\"async\" width=\"750\" height=\"415\" data-id=\"145\" src=\"https:\/\/i0.wp.com\/cuyabenoadventures.com\/wp-content\/uploads\/2023\/09\/caiman-lodge-cuyabeno5.jpg?resize=750%2C415&#038;ssl=1\" alt=\"\" class=\"wp-image-145\" srcset=\"https:\/\/cuyabenoadventures.com\/wp-content\/uploads\/2023\/09\/caiman-lodge-cuyabeno5.jpg 750w, https:\/\/cuyabenoadventures.com\/wp-content\/uploads\/2023\/09\/caiman-lodge-cuyabeno5-480x266.jpg 480w\" sizes=\"auto, (min-width: 0px) and (max-width: 480px) 480px, (min-width: 481px) 750px, 100vw\" \/><\/figure>\n\n\n\n<figure class=\"wp-block-image size-large\"><img data-recalc-dims=\"1\" loading=\"lazy\" decoding=\"async\" width=\"750\" height=\"424\" data-id=\"139\" src=\"https:\/\/i0.wp.com\/cuyabenoadventures.com\/wp-content\/uploads\/2023\/09\/caiman-lodge-cuyabeno6.jpg?resize=750%2C424&#038;ssl=1\" alt=\"\" class=\"wp-image-139\" srcset=\"https:\/\/cuyabenoadventures.com\/wp-content\/uploads\/2023\/09\/caiman-lodge-cuyabeno6.jpg 750w, https:\/\/cuyabenoadventures.com\/wp-content\/uploads\/2023\/09\/caiman-lodge-cuyabeno6-480x271.jpg 480w\" sizes=\"auto, (min-width: 0px) and (max-width: 480px) 480px, (min-width: 481px) 750px, 100vw\" \/><\/figure>\n\n\n\n<figure class=\"wp-block-image size-large\"><img data-recalc-dims=\"1\" loading=\"lazy\" decoding=\"async\" width=\"750\" height=\"433\" data-id=\"141\" src=\"https:\/\/i0.wp.com\/cuyabenoadventures.com\/wp-content\/uploads\/2023\/09\/caiman-lodge-cuyabeno7.jpg?resize=750%2C433&#038;ssl=1\" alt=\"\" class=\"wp-image-141\" srcset=\"https:\/\/cuyabenoadventures.com\/wp-content\/uploads\/2023\/09\/caiman-lodge-cuyabeno7.jpg 750w, https:\/\/cuyabenoadventures.com\/wp-content\/uploads\/2023\/09\/caiman-lodge-cuyabeno7-480x277.jpg 480w\" sizes=\"auto, (min-width: 0px) and (max-width: 480px) 480px, (min-width: 481px) 750px, 100vw\" \/><\/figure>\n\n\n\n<figure class=\"wp-block-image size-large\"><img data-recalc-dims=\"1\" loading=\"lazy\" decoding=\"async\" width=\"750\" height=\"537\" data-id=\"143\" src=\"https:\/\/i0.wp.com\/cuyabenoadventures.com\/wp-content\/uploads\/2023\/09\/caiman-lodge-cuyabeno8.jpg?resize=750%2C537&#038;ssl=1\" alt=\"\" class=\"wp-image-143\" srcset=\"https:\/\/cuyabenoadventures.com\/wp-content\/uploads\/2023\/09\/caiman-lodge-cuyabeno8.jpg 750w, https:\/\/cuyabenoadventures.com\/wp-content\/uploads\/2023\/09\/caiman-lodge-cuyabeno8-480x344.jpg 480w\" sizes=\"auto, (min-width: 0px) and (max-width: 480px) 480px, (min-width: 481px) 750px, 100vw\" \/><\/figure>\n\n\n\n<figure class=\"wp-block-image size-large\"><img data-recalc-dims=\"1\" loading=\"lazy\" decoding=\"async\" width=\"750\" height=\"512\" data-id=\"140\" src=\"https:\/\/i0.wp.com\/cuyabenoadventures.com\/wp-content\/uploads\/2023\/09\/caiman-lodge-cuyabeno9.jpg?resize=750%2C512&#038;ssl=1\" alt=\"\" class=\"wp-image-140\" srcset=\"https:\/\/cuyabenoadventures.com\/wp-content\/uploads\/2023\/09\/caiman-lodge-cuyabeno9.jpg 750w, https:\/\/cuyabenoadventures.com\/wp-content\/uploads\/2023\/09\/caiman-lodge-cuyabeno9-480x328.jpg 480w\" sizes=\"auto, (min-width: 0px) and (max-width: 480px) 480px, (min-width: 481px) 750px, 100vw\" \/><\/figure>\n\n\n\n<figure class=\"wp-block-image size-large\"><img data-recalc-dims=\"1\" loading=\"lazy\" decoding=\"async\" width=\"750\" height=\"450\" data-id=\"137\" src=\"https:\/\/i0.wp.com\/cuyabenoadventures.com\/wp-content\/uploads\/2023\/09\/caiman-lodge-cuyabeno11.jpg?resize=750%2C450&#038;ssl=1\" alt=\"\" class=\"wp-image-137\" srcset=\"https:\/\/cuyabenoadventures.com\/wp-content\/uploads\/2023\/09\/caiman-lodge-cuyabeno11.jpg 750w, https:\/\/cuyabenoadventures.com\/wp-content\/uploads\/2023\/09\/caiman-lodge-cuyabeno11-480x288.jpg 480w\" sizes=\"auto, (min-width: 0px) and (max-width: 480px) 480px, (min-width: 481px) 750px, 100vw\" \/><\/figure>\n\n\n\n<figure class=\"wp-block-image size-large\"><img data-recalc-dims=\"1\" loading=\"lazy\" decoding=\"async\" width=\"750\" height=\"508\" data-id=\"136\" src=\"https:\/\/i0.wp.com\/cuyabenoadventures.com\/wp-content\/uploads\/2023\/09\/caiman-lodge-cuyabeno12.jpg?resize=750%2C508&#038;ssl=1\" alt=\"\" class=\"wp-image-136\" srcset=\"https:\/\/cuyabenoadventures.com\/wp-content\/uploads\/2023\/09\/caiman-lodge-cuyabeno12.jpg 750w, https:\/\/cuyabenoadventures.com\/wp-content\/uploads\/2023\/09\/caiman-lodge-cuyabeno12-480x325.jpg 480w\" sizes=\"auto, (min-width: 0px) and (max-width: 480px) 480px, (min-width: 481px) 750px, 100vw\" \/><\/figure>\n<\/figure>\n\n\n\n<h2 class=\"wp-block-heading\">Incluido para el tour<\/h2>\n\n\n\n<ul class=\"wp-block-list\">\n<li class=\"\">Comidas desde el almuerzo del primer d\u00eda, hasta el almuerzo del d\u00eda 3, 4 o 5<\/li>\n\n\n\n<li class=\"\">T\u00e9\/Caf\u00e9 y Agua Filtrada (disponible en el albergue, traiga su propia botella para recargar)<\/li>\n\n\n\n<li class=\"\">Alojamiento en caba\u00f1a Doble\/Triple o Matrimonial<\/li>\n\n\n\n<li class=\"\">Transporte de Lago Agrio al Caiman Lodge y regreso a Lago Agrio.<\/li>\n\n\n\n<li class=\"\">Gu\u00eda naturalista de  que habla ingles\/ espa\u00f1ola.<\/li>\n\n\n\n<li class=\"\">Poncho de lluvia y botas de goma<\/li>\n<\/ul>\n\n\n\n<h2 class=\"wp-block-heading\">No Incluido para el tour<\/h2>\n\n\n\n<ul class=\"wp-block-list\">\n<li class=\"\">Bebidas alcoh\u00f3licas del bar<\/li>\n\n\n\n<li class=\"\">Transporte desde y hacia Quito<\/li>\n\n\n\n<li class=\"\">Entrada a la comunidad de Siona, $10pp.<\/li>\n<\/ul>\n\n\n\n<figure class=\"wp-block-image size-full\"><img data-recalc-dims=\"1\" loading=\"lazy\" decoding=\"async\" width=\"1024\" height=\"471\" src=\"https:\/\/i0.wp.com\/cuyabenoadventures.com\/wp-content\/uploads\/2023\/09\/Caiman-lodge-rooms-2.webp?resize=1024%2C471&#038;ssl=1\" alt=\"\" class=\"wp-image-258\"\/><\/figure>","protected":false},"excerpt":{"rendered":"<p>Caiman eco lodge in the Cuyabeno reserve is one of the most popular lodges located rigth next to the Laguna Grande. The lodge has a bird watching tower which offers a spectacular views to the Cuyabeno Reserve. The lodge can be reached by canoe all year round, without depending on the season. The Lodge provides [&hellip;]<\/p>\n","protected":false},"author":1,"featured_media":144,"parent":0,"menu_order":0,"comment_status":"closed","ping_status":"closed","template":"","meta":{"nf_dc_page":"","_et_pb_use_builder":"off","_et_pb_old_content":"<!-- wp:paragraph -->\n<p>Caiman eco lodge in the Cuyabeno reserve is one of the most popular lodges located rigth next to the Laguna Grande. The lodge has a bird watching tower which offers a spectacular views to the Cuyabeno Reserve.<\/p>\n<!-- \/wp:paragraph -->\n\n<!-- wp:paragraph -->\n<p>The lodge can be reached by canoe all year round, without depending on the season. The Lodge provides comfortable double rooms, twin rooms, triple rooms and four beds bedrooms. For the use of the guests, there is a dining room, a lounge area and a 7-story bird watching tower.<\/p>\n<!-- \/wp:paragraph -->\n\n<!-- wp:paragraph -->\n<p>Prices for the tour packages (click the link to see the itinerary on each program):<\/p>\n<!-- \/wp:paragraph -->\n\n<!-- wp:paragraph -->\n<p><a href=\"https:\/\/cuyabenoadventures.com\/3-days-tour\/\">Tour for 3 days $250 pp<\/a><\/p>\n<!-- \/wp:paragraph -->\n\n<!-- wp:paragraph -->\n<p><a href=\"https:\/\/cuyabenoadventures.com\/4-days-tour\/\">Tour for 4 days $290<\/a><\/p>\n<!-- \/wp:paragraph -->\n\n<!-- wp:paragraph -->\n<p><a href=\"https:\/\/cuyabenoadventures.com\/5-days-tour\/\">Tour for 5 days $350<\/a><\/p>\n<!-- \/wp:paragraph -->\n\n<!-- wp:paragraph -->\n<p>Caiman lodge has solar panels to provide light at night ( from 6:00 pm to 10:00 pm ) and you will have the opportunity to charge your camera. There is no wifi in the lodge and most cell phones do not work.&nbsp;<\/p>\n<!-- \/wp:paragraph -->\n\n<!-- wp:paragraph -->\n<p><\/p>\n<!-- \/wp:paragraph -->\n\n<!-- wp:image {\"align\":\"center\",\"id\":39,\"sizeSlug\":\"full\",\"linkDestination\":\"none\"} -->\n<figure class=\"wp-block-image aligncenter size-full\"><img src=\"https:\/\/cuyabenoadventures.com\/wp-content\/uploads\/2023\/09\/caimanlodgetower.webp\" alt=\"\" class=\"wp-image-39\"\/><figcaption class=\"wp-element-caption\">One of the buildings in the Caiman lodge has a bird watching tower on the top<\/figcaption><\/figure>\n<!-- \/wp:image -->\n\n<!-- wp:gallery {\"linkTo\":\"none\"} -->\n<figure class=\"wp-block-gallery has-nested-images columns-default is-cropped\"><!-- wp:image {\"id\":138,\"sizeSlug\":\"large\",\"linkDestination\":\"none\"} -->\n<figure class=\"wp-block-image size-large\"><img src=\"https:\/\/cuyabenoadventures.com\/wp-content\/uploads\/2023\/09\/caiman-lodge-cuyabeno.jpg\" alt=\"\" class=\"wp-image-138\"\/><\/figure>\n<!-- \/wp:image -->\n\n<!-- wp:image {\"id\":142,\"sizeSlug\":\"large\",\"linkDestination\":\"none\"} -->\n<figure class=\"wp-block-image size-large\"><img src=\"https:\/\/cuyabenoadventures.com\/wp-content\/uploads\/2023\/09\/caiman-lodge-cuyabeno2.jpg\" alt=\"\" class=\"wp-image-142\"\/><\/figure>\n<!-- \/wp:image -->\n\n<!-- wp:image {\"id\":147,\"sizeSlug\":\"large\",\"linkDestination\":\"none\"} -->\n<figure class=\"wp-block-image size-large\"><img src=\"https:\/\/cuyabenoadventures.com\/wp-content\/uploads\/2023\/09\/caiman-lodge-cuyabeno3.jpg\" alt=\"\" class=\"wp-image-147\"\/><\/figure>\n<!-- \/wp:image -->\n\n<!-- wp:image {\"id\":144,\"sizeSlug\":\"large\",\"linkDestination\":\"none\"} -->\n<figure class=\"wp-block-image size-large\"><img src=\"https:\/\/cuyabenoadventures.com\/wp-content\/uploads\/2023\/09\/caiman-lodge-cuyabeno4.jpg\" alt=\"\" class=\"wp-image-144\"\/><\/figure>\n<!-- \/wp:image -->\n\n<!-- wp:image {\"id\":145,\"sizeSlug\":\"large\",\"linkDestination\":\"none\"} -->\n<figure class=\"wp-block-image size-large\"><img src=\"https:\/\/cuyabenoadventures.com\/wp-content\/uploads\/2023\/09\/caiman-lodge-cuyabeno5.jpg\" alt=\"\" class=\"wp-image-145\"\/><\/figure>\n<!-- \/wp:image -->\n\n<!-- wp:image {\"id\":139,\"sizeSlug\":\"large\",\"linkDestination\":\"none\"} -->\n<figure class=\"wp-block-image size-large\"><img src=\"https:\/\/cuyabenoadventures.com\/wp-content\/uploads\/2023\/09\/caiman-lodge-cuyabeno6.jpg\" alt=\"\" class=\"wp-image-139\"\/><\/figure>\n<!-- \/wp:image -->\n\n<!-- wp:image {\"id\":141,\"sizeSlug\":\"large\",\"linkDestination\":\"none\"} -->\n<figure class=\"wp-block-image size-large\"><img src=\"https:\/\/cuyabenoadventures.com\/wp-content\/uploads\/2023\/09\/caiman-lodge-cuyabeno7.jpg\" alt=\"\" class=\"wp-image-141\"\/><\/figure>\n<!-- \/wp:image -->\n\n<!-- wp:image {\"id\":143,\"sizeSlug\":\"large\",\"linkDestination\":\"none\"} -->\n<figure class=\"wp-block-image size-large\"><img src=\"https:\/\/cuyabenoadventures.com\/wp-content\/uploads\/2023\/09\/caiman-lodge-cuyabeno8.jpg\" alt=\"\" class=\"wp-image-143\"\/><\/figure>\n<!-- \/wp:image -->\n\n<!-- wp:image {\"id\":140,\"sizeSlug\":\"large\",\"linkDestination\":\"none\"} -->\n<figure class=\"wp-block-image size-large\"><img src=\"https:\/\/cuyabenoadventures.com\/wp-content\/uploads\/2023\/09\/caiman-lodge-cuyabeno9.jpg\" alt=\"\" class=\"wp-image-140\"\/><\/figure>\n<!-- \/wp:image -->\n\n<!-- wp:image {\"id\":137,\"sizeSlug\":\"large\",\"linkDestination\":\"none\"} -->\n<figure class=\"wp-block-image size-large\"><img src=\"https:\/\/cuyabenoadventures.com\/wp-content\/uploads\/2023\/09\/caiman-lodge-cuyabeno11.jpg\" alt=\"\" class=\"wp-image-137\"\/><\/figure>\n<!-- \/wp:image -->\n\n<!-- wp:image {\"id\":136,\"sizeSlug\":\"large\",\"linkDestination\":\"none\"} -->\n<figure class=\"wp-block-image size-large\"><img src=\"https:\/\/cuyabenoadventures.com\/wp-content\/uploads\/2023\/09\/caiman-lodge-cuyabeno12.jpg\" alt=\"\" class=\"wp-image-136\"\/><\/figure>\n<!-- \/wp:image --><\/figure>\n<!-- \/wp:gallery -->","_et_gb_content_width":"","om_disable_all_campaigns":false,"_monsterinsights_skip_tracking":false,"_monsterinsights_sitenote_active":false,"_monsterinsights_sitenote_note":"","_monsterinsights_sitenote_category":0,"footnotes":""},"class_list":["post-38","page","type-page","status-publish","has-post-thumbnail","hentry"],"aioseo_notices":[],"jetpack_sharing_enabled":true,"_links":{"self":[{"href":"https:\/\/cuyabenoadventures.com\/es\/wp-json\/wp\/v2\/pages\/38","targetHints":{"allow":["GET"]}}],"collection":[{"href":"https:\/\/cuyabenoadventures.com\/es\/wp-json\/wp\/v2\/pages"}],"about":[{"href":"https:\/\/cuyabenoadventures.com\/es\/wp-json\/wp\/v2\/types\/page"}],"author":[{"embeddable":true,"href":"https:\/\/cuyabenoadventures.com\/es\/wp-json\/wp\/v2\/users\/1"}],"replies":[{"embeddable":true,"href":"https:\/\/cuyabenoadventures.com\/es\/wp-json\/wp\/v2\/comments?post=38"}],"version-history":[{"count":5,"href":"https:\/\/cuyabenoadventures.com\/es\/wp-json\/wp\/v2\/pages\/38\/revisions"}],"predecessor-version":[{"id":431,"href":"https:\/\/cuyabenoadventures.com\/es\/wp-json\/wp\/v2\/pages\/38\/revisions\/431"}],"wp:featuredmedia":[{"embeddable":true,"href":"https:\/\/cuyabenoadventures.com\/es\/wp-json\/wp\/v2\/media\/144"}],"wp:attachment":[{"href":"https:\/\/cuyabenoadventures.com\/es\/wp-json\/wp\/v2\/media?parent=38"}],"curies":[{"name":"wp","href":"https:\/\/api.w.org\/{rel}","templated":true}]}}